{"id":296,"date":"2023-05-25T21:21:53","date_gmt":"2023-05-25T21:21:53","guid":{"rendered":"https:\/\/gi3.cl\/nueva\/?page_id=296"},"modified":"2023-05-25T21:34:35","modified_gmt":"2023-05-25T21:34:35","slug":"politicas-de-privacidad","status":"publish","type":"page","link":"https:\/\/gi3.cl\/index.php\/politicas-de-privacidad\/","title":{"rendered":"Pol\u00edticas de Privacidad"},"content":{"rendered":"\n<figure class=\"wp-block-image size-full\"><img decoding=\"async\" loading=\"lazy\" width=\"835\" height=\"428\" src=\"https:\/\/gi3.cl\/nueva\/wp-content\/uploads\/2023\/05\/politicas-835x428-1.png\" alt=\"\" class=\"wp-image-297\" srcset=\"https:\/\/gi3.cl\/wp-content\/uploads\/2023\/05\/politicas-835x428-1.png 835w, https:\/\/gi3.cl\/wp-content\/uploads\/2023\/05\/politicas-835x428-1-300x154.png 300w, https:\/\/gi3.cl\/wp-content\/uploads\/2023\/05\/politicas-835x428-1-768x394.png 768w\" sizes=\"(max-width: 835px) 100vw, 835px\" \/><\/figure>\n\n\n\n<p class=\"has-very-light-gray-background-color has-background\">Esta pol\u00edtica de privacidad rige el uso de cualquier persona natural o jur\u00eddica, hace de la aplicaci\u00f3n de la pagina web y<br>cualquier servicio, software y plataforma que este controlado por\u00a0<strong>GESTI\u00d3N INGENIER\u00cdA 3D LTDA<\/strong>. Por medio del presente documento se recopila, como ser\u00e1 utilizada la informaci\u00f3n, bajo que circunstancias puede ser compartida, y los derechos del usuario sobre la misma.<\/p>\n\n\n\n<h2 class=\"wp-block-heading\">Recolecci\u00f3n de la informaci\u00f3n<\/h2>\n\n\n\n<p>Para efectos de la presente pol\u00edtica de privacidad, de acuerdo con la recolecci\u00f3n de la informaci\u00f3n, la empresa puede hacer recolecci\u00f3n de los datos, as\u00ed como la informaci\u00f3n de los usuarios, por medio de cookies, tags, web y por la propia informaci\u00f3n suministrada por el usuario. La informaci\u00f3n comprende, entre otros y sin que enunciaci\u00f3n sea limitada, datos respecto a la persona natural, como nombre, Rut, correo, direcci\u00f3n, tel\u00e9fono, empresa y otros. En caso de que el usuario lo estime conveniente, este podr\u00e1 solicitar que la informaci\u00f3n sea borrada.<\/p>\n\n\n\n<h2 class=\"wp-block-heading\">Confidencialidad y seguridad de la informaci\u00f3n<\/h2>\n\n\n\n<p>La empresa ha adoptado medidas referentes a la seguridad para proteger la informaci\u00f3n recolectada de los usuarios, la que ser\u00e1 mantenida de manera estrictamente confidencial. El acceso a los datos personales, esta restringido a aquellos empleados, contratistas y representantes que necesitan tener conocimiento de los datos para el desempe\u00f1o de sus funciones, y servicios, impidiendo la modificaci\u00f3n o divulgaci\u00f3n de la informaci\u00f3n por cualquier persona no autorizado por la empresa. Sin perjuicio de lo anterior, la empresa no garantiza, y no responder\u00e1 de modo alguno, ante eventuales vulneraciones por terceros no autorizados de las medidas de seguridad, aun cuando se utilice informaci\u00f3n de los usuarios en forma indebida.<\/p>\n\n\n\n<h2 class=\"wp-block-heading\">Transferencia de la informaci\u00f3n<\/h2>\n\n\n\n<p>La empresa llevara a cabo el tratamiento de la informaci\u00f3n y los datos personales y no personales, en conformidad con los dispuesto en la presente pol\u00edtica de privacidad.<\/p>\n\n\n\n<h2 class=\"wp-block-heading\">Menores de edad<\/h2>\n\n\n\n<p>Respecto a lo descrito la empresa es apta para usuarios de todas las edades. No obstante, la empresa no se har\u00e1 responsable por la mala comprensi\u00f3n de la informaci\u00f3n suministrada que puedan hacer los menores de 18 a\u00f1os sobre la pol\u00edtica de privacidad.<\/p>\n\n\n\n<h2 class=\"wp-block-heading\">Contacto<\/h2>\n\n\n\n<p class=\"has-virtue-primary-color has-text-color\">En caso de que el usuario tenga alguna duda en cuanto a la Pol\u00edtica de Privacidad, o sobre la aplicaci\u00f3n de la misma, se debe poner en contacto con la empresa al correo: \u00a0<strong><em>info@gi3.cl<\/em><\/strong><\/p>\n\n\n\n<hr class=\"wp-block-separator has-alpha-channel-opacity\"\/>\n","protected":false},"excerpt":{"rendered":"<p>Esta pol\u00edtica de privacidad rige el uso de cualquier persona natural o jur\u00eddica, hace de la aplicaci\u00f3n de la pagina web ycualquier servicio, software y plataforma que este controlado por\u00a0GESTI\u00d3N INGENIER\u00cdA 3D LTDA. Por medio del presente documento se recopila, &hellip; <a href=\"https:\/\/gi3.cl\/index.php\/politicas-de-privacidad\/\">Continuar<\/a><\/p>\n","protected":false},"author":1,"featured_media":0,"parent":0,"menu_order":0,"comment_status":"closed","ping_status":"closed","template":"","meta":{"_joinchat":[]},"_links":{"self":[{"href":"https:\/\/gi3.cl\/index.php\/wp-json\/wp\/v2\/pages\/296"}],"collection":[{"href":"https:\/\/gi3.cl\/index.php\/wp-json\/wp\/v2\/pages"}],"about":[{"href":"https:\/\/gi3.cl\/index.php\/wp-json\/wp\/v2\/types\/page"}],"author":[{"embeddable":true,"href":"https:\/\/gi3.cl\/index.php\/wp-json\/wp\/v2\/users\/1"}],"replies":[{"embeddable":true,"href":"https:\/\/gi3.cl\/index.php\/wp-json\/wp\/v2\/comments?post=296"}],"version-history":[{"count":2,"href":"https:\/\/gi3.cl\/index.php\/wp-json\/wp\/v2\/pages\/296\/revisions"}],"predecessor-version":[{"id":300,"href":"https:\/\/gi3.cl\/index.php\/wp-json\/wp\/v2\/pages\/296\/revisions\/300"}],"wp:attachment":[{"href":"https:\/\/gi3.cl\/index.php\/wp-json\/wp\/v2\/media?parent=296"}],"curies":[{"name":"wp","href":"https:\/\/api.w.org\/{rel}","templated":true}]}}