{"id":195,"date":"2023-05-18T16:31:07","date_gmt":"2023-05-18T16:31:07","guid":{"rendered":"https:\/\/gi3.cl\/nueva\/?page_id=195"},"modified":"2023-05-25T21:00:09","modified_gmt":"2023-05-25T21:00:09","slug":"trabaja-con-gi3","status":"publish","type":"page","link":"https:\/\/gi3.cl\/index.php\/trabaja-con-gi3\/","title":{"rendered":"Trabaja con GI3"},"content":{"rendered":"\n<figure class=\"wp-block-image size-full is-resized\"><img decoding=\"async\" loading=\"lazy\" src=\"https:\/\/gi3.cl\/nueva\/wp-content\/uploads\/2023\/05\/direccion-de-proyecto.png\" alt=\"\" class=\"wp-image-150\" width=\"840\" height=\"458\" srcset=\"https:\/\/gi3.cl\/wp-content\/uploads\/2023\/05\/direccion-de-proyecto.png 880w, https:\/\/gi3.cl\/wp-content\/uploads\/2023\/05\/direccion-de-proyecto-300x164.png 300w, https:\/\/gi3.cl\/wp-content\/uploads\/2023\/05\/direccion-de-proyecto-768x419.png 768w\" sizes=\"(max-width: 840px) 100vw, 840px\" \/><\/figure>\n\n\n\n<p class=\"has-very-light-gray-background-color has-background\">Estamos en la b\u00fasqueda de profesionales como t\u00fa, dispuestos a formar parte de nuestro proceso de expansi\u00f3n y crecimiento como empresa. Registra tus datos aqu\u00ed en el siguiente formulario y com\u00e9ntanos tu experiencia laboral, adjuntando tu hoja de vida. Una vez revisado y analizado tu perfil, te ubicaremos a trav\u00e9s de los medios de contacto que nos suministres.<\/p>\n\n\n\n<div class=\"wpcf7 no-js\" id=\"wpcf7-f294-o1\" lang=\"es-ES\" dir=\"ltr\">\n<div class=\"screen-reader-response\"><p role=\"status\" aria-live=\"polite\" aria-atomic=\"true\"><\/p> <ul><\/ul><\/div>\n<form action=\"\/index.php\/wp-json\/wp\/v2\/pages\/195#wpcf7-f294-o1\" method=\"post\" class=\"wpcf7-form init\" aria-label=\"Formulario de contacto\" enctype=\"multipart\/form-data\" novalidate=\"novalidate\" data-status=\"init\">\n<div style=\"display: none;\">\n<input type=\"hidden\" name=\"_wpcf7\" value=\"294\" \/>\n<input type=\"hidden\" name=\"_wpcf7_version\" value=\"5.7.7\" \/>\n<input type=\"hidden\" name=\"_wpcf7_locale\" value=\"es_ES\" \/>\n<input type=\"hidden\" name=\"_wpcf7_unit_tag\" value=\"wpcf7-f294-o1\" \/>\n<input type=\"hidden\" name=\"_wpcf7_container_post\" value=\"0\" \/>\n<input type=\"hidden\" name=\"_wpcf7_posted_data_hash\" value=\"\" \/>\n<\/div>\n<p><label> Tu nombre<br \/>\n<span class=\"wpcf7-form-control-wrap\" data-name=\"your-name\"><input size=\"40\" class=\"wpcf7-form-control wpcf7-text wpcf7-validates-as-required\" autocomplete=\"name\" aria-required=\"true\" aria-invalid=\"false\" value=\"\" type=\"text\" name=\"your-name\" \/><\/span> <\/label>\n<\/p>\n<p><label> Tu correo electr\u00f3nico<br \/>\n<span class=\"wpcf7-form-control-wrap\" data-name=\"your-email\"><input size=\"40\" class=\"wpcf7-form-control wpcf7-text wpcf7-email wpcf7-validates-as-required wpcf7-validates-as-email\" autocomplete=\"email\" aria-required=\"true\" aria-invalid=\"false\" value=\"\" type=\"email\" name=\"your-email\" \/><\/span> <\/label><br \/>\n<label> Profesi\u00f3n (opcional)<br \/>\n<span class=\"wpcf7-form-control-wrap\" data-name=\"Profesin\"><input size=\"40\" class=\"wpcf7-form-control wpcf7-text\" aria-invalid=\"false\" value=\"\" type=\"text\" name=\"Profesin\" \/><\/span><\/label><br \/>\n<label> Asunto<br \/>\n<span class=\"wpcf7-form-control-wrap\" data-name=\"your-subject\"><input size=\"40\" class=\"wpcf7-form-control wpcf7-text wpcf7-validates-as-required\" aria-required=\"true\" aria-invalid=\"false\" value=\"\" type=\"text\" name=\"your-subject\" \/><\/span> <\/label>\n<\/p>\n<p><label> Tu mensaje (opcional)<br \/>\n<span class=\"wpcf7-form-control-wrap\" data-name=\"your-message\"><textarea cols=\"40\" rows=\"10\" class=\"wpcf7-form-control wpcf7-textarea\" aria-invalid=\"false\" name=\"your-message\"><\/textarea><\/span><br \/>\n<\/label>\n<\/p>\n<p><b>Inserta tu CV <\/b>(Solo formato pdf)\n<\/p>\n<p><span class=\"wpcf7-form-control-wrap\" data-name=\"file-118\"><input size=\"40\" class=\"wpcf7-form-control wpcf7-file\" accept=\".pdf\" aria-invalid=\"false\" type=\"file\" name=\"file-118\" \/><\/span><br \/>\n<span class=\"wpcf7-form-control-wrap\" data-name=\"acceptance-542\"><span class=\"wpcf7-form-control wpcf7-acceptance optional\"><span class=\"wpcf7-list-item\"><label><input type=\"checkbox\" name=\"acceptance-542\" value=\"1\" aria-invalid=\"false\" \/><span class=\"wpcf7-list-item-label\">El\/Los usuarios declara expresamente estar en conocimiento y aceptar esta p\u00f3litica de privacidad y los derechos que otorga.<\/span><\/label><\/span><\/span><\/span><br \/>\n<a href=\"https:\/\/gi3.cl\/nueva\/index.php\/politicas-de-privacidad\">>> P\u00f3liticas de Privacidad<\/a><br \/>\n<input class=\"wpcf7-form-control has-spinner wpcf7-submit\" type=\"submit\" value=\"Enviar\" \/>\n<\/p><div class=\"wpcf7-response-output\" aria-hidden=\"true\"><\/div>\n<\/form>\n<\/div>\n\n","protected":false},"excerpt":{"rendered":"<p>Estamos en la b\u00fasqueda de profesionales como t\u00fa, dispuestos a formar parte de nuestro proceso de expansi\u00f3n y crecimiento como empresa. Registra tus datos aqu\u00ed en el siguiente formulario y com\u00e9ntanos tu experiencia laboral, adjuntando tu hoja de vida. Una &hellip; <a href=\"https:\/\/gi3.cl\/index.php\/trabaja-con-gi3\/\">Continuar<\/a><\/p>\n","protected":false},"author":1,"featured_media":0,"parent":0,"menu_order":0,"comment_status":"closed","ping_status":"closed","template":"","meta":{"_joinchat":[]},"_links":{"self":[{"href":"https:\/\/gi3.cl\/index.php\/wp-json\/wp\/v2\/pages\/195"}],"collection":[{"href":"https:\/\/gi3.cl\/index.php\/wp-json\/wp\/v2\/pages"}],"about":[{"href":"https:\/\/gi3.cl\/index.php\/wp-json\/wp\/v2\/types\/page"}],"author":[{"embeddable":true,"href":"https:\/\/gi3.cl\/index.php\/wp-json\/wp\/v2\/users\/1"}],"replies":[{"embeddable":true,"href":"https:\/\/gi3.cl\/index.php\/wp-json\/wp\/v2\/comments?post=195"}],"version-history":[{"count":4,"href":"https:\/\/gi3.cl\/index.php\/wp-json\/wp\/v2\/pages\/195\/revisions"}],"predecessor-version":[{"id":295,"href":"https:\/\/gi3.cl\/index.php\/wp-json\/wp\/v2\/pages\/195\/revisions\/295"}],"wp:attachment":[{"href":"https:\/\/gi3.cl\/index.php\/wp-json\/wp\/v2\/media?parent=195"}],"curies":[{"name":"wp","href":"https:\/\/api.w.org\/{rel}","templated":true}]}}