{"id":188,"date":"2023-05-18T16:27:22","date_gmt":"2023-05-18T16:27:22","guid":{"rendered":"https:\/\/gi3.cl\/nueva\/?page_id=188"},"modified":"2023-05-25T20:00:21","modified_gmt":"2023-05-25T20:00:21","slug":"proyectos-ejecutados","status":"publish","type":"page","link":"https:\/\/gi3.cl\/index.php\/proyectos-ejecutados\/","title":{"rendered":"Proyectos Ejecutados"},"content":{"rendered":"\n<figure class=\"wp-block-image size-large\"><img decoding=\"async\" loading=\"lazy\" width=\"1024\" height=\"576\" src=\"https:\/\/gi3.cl\/nueva\/wp-content\/uploads\/2023\/05\/INSPECCION-DE-OBRAS-1024x576.png\" alt=\"\" class=\"wp-image-228\" srcset=\"https:\/\/gi3.cl\/wp-content\/uploads\/2023\/05\/INSPECCION-DE-OBRAS-1024x576.png 1024w, https:\/\/gi3.cl\/wp-content\/uploads\/2023\/05\/INSPECCION-DE-OBRAS-300x169.png 300w, https:\/\/gi3.cl\/wp-content\/uploads\/2023\/05\/INSPECCION-DE-OBRAS-768x432.png 768w, https:\/\/gi3.cl\/wp-content\/uploads\/2023\/05\/INSPECCION-DE-OBRAS.png 1400w\" sizes=\"(max-width: 1024px) 100vw, 1024px\" \/><\/figure>\n\n\n<div id=\"accordions-270\" class=\"accordions-270 accordions\" data-accordions={&quot;lazyLoad&quot;:true,&quot;id&quot;:&quot;270&quot;,&quot;event&quot;:&quot;click&quot;,&quot;collapsible&quot;:&quot;true&quot;,&quot;heightStyle&quot;:&quot;content&quot;,&quot;animateStyle&quot;:&quot;swing&quot;,&quot;animateDelay&quot;:1000,&quot;navigation&quot;:true,&quot;active&quot;:999,&quot;expandedOther&quot;:&quot;no&quot;}>\n                <div id=\"accordions-lazy-270\" class=\"accordions-lazy\" accordionsId=\"270\">\n                    <\/div>\n\n    <div class=\"items\"  style=\"display:none\" >\n    \n            <div post_id=\"270\" itemcount=\"0\"  header_id=\"header-1685032797502\" id=\"header-1685032797502\" style=\"\" class=\"accordions-head head1685032797502 border-none\" toggle-text=\"\" main-text=\"2018\">\n                                    <span id=\"accordion-icons-1685032797502\" class=\"accordion-icons\">\n                        <span class=\"accordion-icon-active accordion-plus\"><i class=\"fas fa-chevron-right\"><\/i><\/span>\n                        <span class=\"accordion-icon-inactive accordion-minus\"><i class=\"fas fa-chevron-down\"><\/i><\/span>\n                    <\/span>\n                    <span id=\"header-text-1685032797502\" class=\"accordions-head-title\">2018<\/span>\n                            <\/div>\n            <div class=\"accordion-content content1685032797502 \">\n                <ul>\n<li>Servicio de Planificaci\u00f3n de Ingenier\u00eda, Proyecto Linea de Transmisi\u00f3n y subestaciones de instalaciones de Albemarle.<\/li>\n<li>Servicio de Monitoreo y control de ingenier\u00eda, Proyecto Linea de Transmisi\u00f3n y subestaciones de instalaciones de Albemarle.<\/li>\n<\/ul>\n<hr \/>\n            <\/div>\n    \n            <div post_id=\"270\" itemcount=\"1\"  header_id=\"header-1685033649920\" id=\"header-1685033649920\" style=\"\" class=\"accordions-head head1685033649920 border-none\" toggle-text=\"\" main-text=\"2019\">\n                                    <span id=\"accordion-icons-1685033649920\" class=\"accordion-icons\">\n                        <span class=\"accordion-icon-active accordion-plus\"><i class=\"fas fa-chevron-right\"><\/i><\/span>\n                        <span class=\"accordion-icon-inactive accordion-minus\"><i class=\"fas fa-chevron-down\"><\/i><\/span>\n                    <\/span>\n                    <span id=\"header-text-1685033649920\" class=\"accordions-head-title\">2019<\/span>\n                            <\/div>\n            <div class=\"accordion-content content1685033649920 \">\n                <ul>\n<li>Inspecci\u00f3n t\u00e9cnica de obra, construcci\u00f3n cancha de tenis, estadio atl\u00e9tico municipal, Conc\u00f3n.<\/li>\n<li>Inspecci\u00f3n t\u00e9cnica de obra, Pavimentaci\u00f3n Calle Dos Norte, sector Enap Refiner\u00eda Aconcagua, Conc\u00f3n.<\/li>\n<li>Inspecci\u00f3n t\u00e9cnica de obra, conservaci\u00f3n Multicancha RPC III, Conc\u00f3n.<\/li>\n<li>Inspecci\u00f3n t\u00e9cnica de obra, mejoramiento \u00e1rea verde condominio paula gironas, Conc\u00f3n.<\/li>\n<li>Inspecci\u00f3n t\u00e9cnica de obra, mejoramiento ba\u00f1os p\u00fablicos,quioscos y recintos administrativos, Conc\u00f3n.<\/li>\n<li>Inspecci\u00f3n t\u00e9cnica de obra, normalizaci\u00f3n el\u00e9ctrica liceo polit\u00e9cnico de Concon, Conc\u00f3n.<\/li>\n<li>Inspecci\u00f3n t\u00e9cnica de obra, Mejoramiento Jardines VTF, Conc\u00f3n.<\/li>\n<li>Inspecci\u00f3n t\u00e9cnica de obra, Recuperaci\u00f3n espacio Z\u00f3calo Playa Amarilla, Conc\u00f3n.<\/li>\n<li>Inspecci\u00f3n t\u00e9cnica de obra, Construcci\u00f3n Muro III Escala el Prado, Conc\u00f3n.<\/li>\n<\/ul>\n<hr \/>\n<h2 style=\"text-align: center;\"><\/h2>\n            <\/div>\n    \n            <div post_id=\"270\" itemcount=\"2\"  header_id=\"header-1685042589485\" id=\"header-1685042589485\" style=\"\" class=\"accordions-head head1685042589485 border-none\" toggle-text=\"\" main-text=\"2020\">\n                                    <span id=\"accordion-icons-1685042589485\" class=\"accordion-icons\">\n                        <span class=\"accordion-icon-active accordion-plus\"><i class=\"fas fa-chevron-right\"><\/i><\/span>\n                        <span class=\"accordion-icon-inactive accordion-minus\"><i class=\"fas fa-chevron-down\"><\/i><\/span>\n                    <\/span>\n                    <span id=\"header-text-1685042589485\" class=\"accordions-head-title\">2020<\/span>\n                            <\/div>\n            <div class=\"accordion-content content1685042589485 \">\n                <ul>\n<li>Servicio de subdivisi\u00f3n Predial zona Belloto Norte.<\/li>\n<li>Gerenciamiento de proyecto \u201cSala de Conferencias\u201d Sector Belloto Norte.<\/li>\n<\/ul>\n<hr \/>\n            <\/div>\n    \n            <div post_id=\"270\" itemcount=\"3\"  header_id=\"header-1685043882701\" id=\"header-1685043882701\" style=\"\" class=\"accordions-head head1685043882701 border-none\" toggle-text=\"\" main-text=\"2021\">\n                                    <span id=\"accordion-icons-1685043882701\" class=\"accordion-icons\">\n                        <span class=\"accordion-icon-active accordion-plus\"><i class=\"fas fa-chevron-right\"><\/i><\/span>\n                        <span class=\"accordion-icon-inactive accordion-minus\"><i class=\"fas fa-chevron-down\"><\/i><\/span>\n                    <\/span>\n                    <span id=\"header-text-1685043882701\" class=\"accordions-head-title\">2021<\/span>\n                            <\/div>\n            <div class=\"accordion-content content1685043882701 \">\n                <ul>\n<li>Asesor\u00eda a la Inspecci\u00f3n T\u00e9cnica de la Obra: Construcci\u00f3n Calle S\u00e9ptimo de L\u00ednea, Catemu.<\/li>\n<li>Servicio de estimaci\u00f3n de costos y planificaci\u00f3n proyecto centro comercial Electrosanc.<\/li>\n<li>Asesor\u00eda a la Inspecci\u00f3n T\u00e9cnica de las Obras, Proyectos de Infraestructura P\u00fablica, Conc\u00f3n.<\/li>\n<li>Inspecci\u00f3n T\u00e9cnica de Obra Proyecto Habilitaci\u00f3n Sala de Refrigeradores Edificio bruno Gunther, Universidad de Valparaiso.<\/li>\n<\/ul>\n<hr \/>\n            <\/div>\n    \n            <div post_id=\"270\" itemcount=\"4\"  header_id=\"header-1685044521318\" id=\"header-1685044521318\" style=\"\" class=\"accordions-head head1685044521318 border-none\" toggle-text=\"\" main-text=\"2022\">\n                                    <span id=\"accordion-icons-1685044521318\" class=\"accordion-icons\">\n                        <span class=\"accordion-icon-active accordion-plus\"><i class=\"fas fa-chevron-right\"><\/i><\/span>\n                        <span class=\"accordion-icon-inactive accordion-minus\"><i class=\"fas fa-chevron-down\"><\/i><\/span>\n                    <\/span>\n                    <span id=\"header-text-1685044521318\" class=\"accordions-head-title\">2022<\/span>\n                            <\/div>\n            <div class=\"accordion-content content1685044521318 \">\n                <ul>\n<li>Servicio Project Management office Construcci\u00f3n Dique y Montaje Electromecanico Proyecto HDS (Hydraulic Dry Stack), Mina El Soldado.<\/li>\n<li>Servicio Inspecci\u00f3n T\u00e9cnica de Obra Proyecto FACING, Universidad de Valparaiso.<\/li>\n<li>Servicio de desarrollo y control de Proyectos de Mantenci\u00f3n Enap Refiner\u00eda Bio-Bio.<\/li>\n<li>Servicio Project Management Office Proyecto Construcci\u00f3n y Montaje de Obras Civiles, Enap Refineria Bio-Bio.<\/li>\n<\/ul>\n<hr \/>\n            <\/div>\n    <\/div>\n\n\n\n            <\/div>\n","protected":false},"excerpt":{"rendered":"","protected":false},"author":1,"featured_media":0,"parent":0,"menu_order":0,"comment_status":"closed","ping_status":"closed","template":"","meta":{"_joinchat":[]},"_links":{"self":[{"href":"https:\/\/gi3.cl\/index.php\/wp-json\/wp\/v2\/pages\/188"}],"collection":[{"href":"https:\/\/gi3.cl\/index.php\/wp-json\/wp\/v2\/pages"}],"about":[{"href":"https:\/\/gi3.cl\/index.php\/wp-json\/wp\/v2\/types\/page"}],"author":[{"embeddable":true,"href":"https:\/\/gi3.cl\/index.php\/wp-json\/wp\/v2\/users\/1"}],"replies":[{"embeddable":true,"href":"https:\/\/gi3.cl\/index.php\/wp-json\/wp\/v2\/comments?post=188"}],"version-history":[{"count":5,"href":"https:\/\/gi3.cl\/index.php\/wp-json\/wp\/v2\/pages\/188\/revisions"}],"predecessor-version":[{"id":283,"href":"https:\/\/gi3.cl\/index.php\/wp-json\/wp\/v2\/pages\/188\/revisions\/283"}],"wp:attachment":[{"href":"https:\/\/gi3.cl\/index.php\/wp-json\/wp\/v2\/media?parent=188"}],"curies":[{"name":"wp","href":"https:\/\/api.w.org\/{rel}","templated":true}]}}