{"id":172,"date":"2023-05-18T16:16:27","date_gmt":"2023-05-18T16:16:27","guid":{"rendered":"https:\/\/gi3.cl\/nueva\/?page_id=172"},"modified":"2023-05-25T15:38:47","modified_gmt":"2023-05-25T15:38:47","slug":"tecnologias-visuales","status":"publish","type":"page","link":"https:\/\/gi3.cl\/index.php\/tecnologias-visuales\/","title":{"rendered":"T\u00e9cnologias Visuales"},"content":{"rendered":"\n<figure class=\"wp-block-image size-large\"><img decoding=\"async\" loading=\"lazy\" width=\"1024\" height=\"538\" src=\"https:\/\/gi3.cl\/nueva\/wp-content\/uploads\/2023\/05\/TECNOLOGIAS-VISIALES-1024x538.jpg\" alt=\"\" class=\"wp-image-227\" srcset=\"https:\/\/gi3.cl\/wp-content\/uploads\/2023\/05\/TECNOLOGIAS-VISIALES-1024x538.jpg 1024w, https:\/\/gi3.cl\/wp-content\/uploads\/2023\/05\/TECNOLOGIAS-VISIALES-300x158.jpg 300w, https:\/\/gi3.cl\/wp-content\/uploads\/2023\/05\/TECNOLOGIAS-VISIALES-768x403.jpg 768w, https:\/\/gi3.cl\/wp-content\/uploads\/2023\/05\/TECNOLOGIAS-VISIALES-952x500.jpg 952w, https:\/\/gi3.cl\/wp-content\/uploads\/2023\/05\/TECNOLOGIAS-VISIALES.jpg 1200w\" sizes=\"(max-width: 1024px) 100vw, 1024px\" \/><\/figure>\n\n\n\n<p class=\"has-very-light-gray-background-color has-background\">Para la gesti\u00f3n y apoyo a nuestros clientes en sus proyectos, buscamos a trav\u00e9s de herramientas tecnol\u00f3gicas desarrollar informaci\u00f3n de campo, entregando t\u00e9rminos espec\u00edficos para el desarrollo de servicios.<\/p>\n\n\n\n<p><strong>Entre estos servicios tenemos:<\/strong><\/p>\n\n\n\n<ul>\n<li>Topograf\u00eda y Fotogrametr\u00eda.<\/li>\n\n\n\n<li>Calculo de volumenes (excavaciones-sobre-excavaciones).<\/li>\n\n\n\n<li>Levantamientos con Nube de puntos- levantamiento multiespectral.<\/li>\n\n\n\n<li>Soluciones a\u00e9reas: Miner\u00eda-Infraestructura-Industrial- Agr\u00edcola.<\/li>\n<\/ul>\n","protected":false},"excerpt":{"rendered":"<p>Para la gesti\u00f3n y apoyo a nuestros clientes en sus proyectos, buscamos a trav\u00e9s de herramientas tecnol\u00f3gicas desarrollar informaci\u00f3n de campo, entregando t\u00e9rminos espec\u00edficos para el desarrollo de servicios. Entre estos servicios tenemos:<\/p>\n","protected":false},"author":1,"featured_media":0,"parent":0,"menu_order":0,"comment_status":"closed","ping_status":"closed","template":"","meta":{"_joinchat":[]},"_links":{"self":[{"href":"https:\/\/gi3.cl\/index.php\/wp-json\/wp\/v2\/pages\/172"}],"collection":[{"href":"https:\/\/gi3.cl\/index.php\/wp-json\/wp\/v2\/pages"}],"about":[{"href":"https:\/\/gi3.cl\/index.php\/wp-json\/wp\/v2\/types\/page"}],"author":[{"embeddable":true,"href":"https:\/\/gi3.cl\/index.php\/wp-json\/wp\/v2\/users\/1"}],"replies":[{"embeddable":true,"href":"https:\/\/gi3.cl\/index.php\/wp-json\/wp\/v2\/comments?post=172"}],"version-history":[{"count":2,"href":"https:\/\/gi3.cl\/index.php\/wp-json\/wp\/v2\/pages\/172\/revisions"}],"predecessor-version":[{"id":260,"href":"https:\/\/gi3.cl\/index.php\/wp-json\/wp\/v2\/pages\/172\/revisions\/260"}],"wp:attachment":[{"href":"https:\/\/gi3.cl\/index.php\/wp-json\/wp\/v2\/media?parent=172"}],"curies":[{"name":"wp","href":"https:\/\/api.w.org\/{rel}","templated":true}]}}